{"id":7220,"date":"2019-06-15T22:49:03","date_gmt":"2019-06-15T21:49:03","guid":{"rendered":"https:\/\/abcoffee.co\/?page_id=7220"},"modified":"2020-03-29T01:42:40","modified_gmt":"2020-03-29T00:42:40","slug":"curso-formacao-barista","status":"publish","type":"page","link":"https:\/\/abcoffee.pt\/en\/curso-formacao-barista\/","title":{"rendered":"Curso Profissional de Barista | abcoffee \u00b7 Escola de Caf\u00e9"},"content":{"rendered":"","protected":false},"excerpt":{"rendered":"","protected":false},"author":1,"featured_media":0,"parent":0,"menu_order":30,"comment_status":"closed","ping_status":"closed","template":"","meta":{"_et_pb_use_builder":"on","_et_pb_old_content":"","_et_gb_content_width":"","inline_featured_image":false,"footnotes":""},"class_list":["post-7220","page","type-page","status-publish","hentry"],"yoast_head":"<!-- This site is optimized with the Yoast SEO plugin v19.13 - https:\/\/yoast.com\/wordpress\/plugins\/seo\/ -->\n<title>Curso de Barista Profissional | abcoffee \u00b7 Escola de Caf\u00e9<\/title>\n<meta name=\"description\" content=\"Curso de barista ideal para a tua carreira no mundo do caf\u00e9. Forma\u00e7\u00e3o de inicia\u00e7\u00e3o, interm\u00e9dia e profissional. Descobre aqui os conte\u00fados e pre\u00e7os.\" \/>\n<meta name=\"robots\" content=\"index, follow, max-snippet:-1, max-image-preview:large, max-video-preview:-1\" \/>\n<link rel=\"canonical\" href=\"https:\/\/abcoffee.pt\/en\/curso-formacao-barista\/\" \/>\n<meta property=\"og:locale\" content=\"en_GB\" \/>\n<meta property=\"og:type\" content=\"article\" \/>\n<meta property=\"og:title\" content=\"Curso profissional de Barista | abcoffee \u00b7 Escola de Caf\u00e9\" \/>\n<meta property=\"og:description\" content=\"Aprende a distinguir as defini\u00e7\u00f5es do teu moinho e da tua m\u00e1quina de espresso, t\u00e9cnicas de tratamento de leite, latte art, pr\u00e1ticas de neg\u00f3cio b\u00e1sicas aplicadas ao mundo do caf\u00e9.\" \/>\n<meta property=\"og:url\" content=\"https:\/\/abcoffee.pt\/en\/curso-formacao-barista\/\" \/>\n<meta property=\"og:site_name\" content=\"abcoffee\" \/>\n<meta property=\"article:publisher\" content=\"https:\/\/www.facebook.com\/abcoffee.school\" \/>\n<meta property=\"article:modified_time\" content=\"2020-03-29T00:42:40+00:00\" \/>\n<meta property=\"og:image\" content=\"https:\/\/abcoffee.pt\/wp-content\/uploads\/2018\/12\/abcoffee-metatag-social-sharing.jpg\" \/>\n\t<meta property=\"og:image:width\" content=\"1200\" \/>\n\t<meta property=\"og:image:height\" content=\"630\" \/>\n\t<meta property=\"og:image:type\" content=\"image\/jpeg\" \/>\n<meta name=\"twitter:card\" content=\"summary_large_image\" \/>\n<meta name=\"twitter:title\" content=\"Curso Profissional de Barista | abcoffee \u00b7 Escola de Caf\u00e9\" \/>\n<meta name=\"twitter:description\" content=\"Aprende a distinguir as defini\u00e7\u00f5es do teu moinho e da tua m\u00e1quina de espresso, t\u00e9cnicas de tratamento de leite, latte art, pr\u00e1ticas de neg\u00f3cio b\u00e1sicas aplicadas ao mundo do caf\u00e9.\" \/>\n<meta name=\"twitter:image\" content=\"https:\/\/abcoffee.pt\/wp-content\/uploads\/2018\/12\/abcoffee-metatag-social-sharing.jpg\" \/>\n<script type=\"application\/ld+json\" class=\"yoast-schema-graph\">{\"@context\":\"https:\/\/schema.org\",\"@graph\":[{\"@type\":\"WebPage\",\"@id\":\"https:\/\/abcoffee.pt\/curso-formacao-barista\/\",\"url\":\"https:\/\/abcoffee.pt\/curso-formacao-barista\/\",\"name\":\"Curso de Barista Profissional | abcoffee \u00b7 Escola de Caf\u00e9\",\"isPartOf\":{\"@id\":\"https:\/\/abcoffee.pt\/#website\"},\"datePublished\":\"2019-06-15T21:49:03+00:00\",\"dateModified\":\"2020-03-29T00:42:40+00:00\",\"description\":\"Curso de barista ideal para a tua carreira no mundo do caf\u00e9. Forma\u00e7\u00e3o de inicia\u00e7\u00e3o, interm\u00e9dia e profissional. Descobre aqui os conte\u00fados e pre\u00e7os.\",\"breadcrumb\":{\"@id\":\"https:\/\/abcoffee.pt\/curso-formacao-barista\/#breadcrumb\"},\"inLanguage\":\"en-GB\",\"potentialAction\":[{\"@type\":\"ReadAction\",\"target\":[\"https:\/\/abcoffee.pt\/curso-formacao-barista\/\"]}]},{\"@type\":\"BreadcrumbList\",\"@id\":\"https:\/\/abcoffee.pt\/curso-formacao-barista\/#breadcrumb\",\"itemListElement\":[{\"@type\":\"ListItem\",\"position\":1,\"name\":\"Home\",\"item\":\"https:\/\/abcoffee.pt\/\"},{\"@type\":\"ListItem\",\"position\":2,\"name\":\"Curso Profissional de Barista | abcoffee \u00b7 Escola de Caf\u00e9\"}]},{\"@type\":\"WebSite\",\"@id\":\"https:\/\/abcoffee.pt\/#website\",\"url\":\"https:\/\/abcoffee.pt\/\",\"name\":\"abcoffee\",\"description\":\"Escola de Caf\u00e9\",\"publisher\":{\"@id\":\"https:\/\/abcoffee.pt\/#organization\"},\"potentialAction\":[{\"@type\":\"SearchAction\",\"target\":{\"@type\":\"EntryPoint\",\"urlTemplate\":\"https:\/\/abcoffee.pt\/?s={search_term_string}\"},\"query-input\":\"required name=search_term_string\"}],\"inLanguage\":\"en-GB\"},{\"@type\":\"Organization\",\"@id\":\"https:\/\/abcoffee.pt\/#organization\",\"name\":\"abcoffee\",\"url\":\"https:\/\/abcoffee.pt\/\",\"logo\":{\"@type\":\"ImageObject\",\"inLanguage\":\"en-GB\",\"@id\":\"https:\/\/abcoffee.pt\/#\/schema\/logo\/image\/\",\"url\":\"https:\/\/abcoffee.pt\/wp-content\/uploads\/2018\/07\/abcoffee_LOGO_Color.svg\",\"contentUrl\":\"https:\/\/abcoffee.pt\/wp-content\/uploads\/2018\/07\/abcoffee_LOGO_Color.svg\",\"caption\":\"abcoffee\"},\"image\":{\"@id\":\"https:\/\/abcoffee.pt\/#\/schema\/logo\/image\/\"},\"sameAs\":[\"https:\/\/instagram.com\/abcoffee.school\",\"https:\/\/www.facebook.com\/abcoffee.school\"]}]}<\/script>\n<!-- \/ Yoast SEO plugin. -->","yoast_head_json":{"title":"Curso de Barista Profissional | abcoffee \u00b7 Escola de Caf\u00e9","description":"Curso de barista ideal para a tua carreira no mundo do caf\u00e9. Forma\u00e7\u00e3o de inicia\u00e7\u00e3o, interm\u00e9dia e profissional. Descobre aqui os conte\u00fados e pre\u00e7os.","robots":{"index":"index","follow":"follow","max-snippet":"max-snippet:-1","max-image-preview":"max-image-preview:large","max-video-preview":"max-video-preview:-1"},"canonical":"https:\/\/abcoffee.pt\/en\/curso-formacao-barista\/","og_locale":"en_GB","og_type":"article","og_title":"Curso profissional de Barista | abcoffee \u00b7 Escola de Caf\u00e9","og_description":"Aprende a distinguir as defini\u00e7\u00f5es do teu moinho e da tua m\u00e1quina de espresso, t\u00e9cnicas de tratamento de leite, latte art, pr\u00e1ticas de neg\u00f3cio b\u00e1sicas aplicadas ao mundo do caf\u00e9.","og_url":"https:\/\/abcoffee.pt\/en\/curso-formacao-barista\/","og_site_name":"abcoffee","article_publisher":"https:\/\/www.facebook.com\/abcoffee.school","article_modified_time":"2020-03-29T00:42:40+00:00","og_image":[{"width":1200,"height":630,"url":"https:\/\/abcoffee.pt\/wp-content\/uploads\/2018\/12\/abcoffee-metatag-social-sharing.jpg","type":"image\/jpeg"}],"twitter_card":"summary_large_image","twitter_title":"Curso Profissional de Barista | abcoffee \u00b7 Escola de Caf\u00e9","twitter_description":"Aprende a distinguir as defini\u00e7\u00f5es do teu moinho e da tua m\u00e1quina de espresso, t\u00e9cnicas de tratamento de leite, latte art, pr\u00e1ticas de neg\u00f3cio b\u00e1sicas aplicadas ao mundo do caf\u00e9.","twitter_image":"https:\/\/abcoffee.pt\/wp-content\/uploads\/2018\/12\/abcoffee-metatag-social-sharing.jpg","schema":{"@context":"https:\/\/schema.org","@graph":[{"@type":"WebPage","@id":"https:\/\/abcoffee.pt\/curso-formacao-barista\/","url":"https:\/\/abcoffee.pt\/curso-formacao-barista\/","name":"Curso de Barista Profissional | abcoffee \u00b7 Escola de Caf\u00e9","isPartOf":{"@id":"https:\/\/abcoffee.pt\/#website"},"datePublished":"2019-06-15T21:49:03+00:00","dateModified":"2020-03-29T00:42:40+00:00","description":"Curso de barista ideal para a tua carreira no mundo do caf\u00e9. Forma\u00e7\u00e3o de inicia\u00e7\u00e3o, interm\u00e9dia e profissional. Descobre aqui os conte\u00fados e pre\u00e7os.","breadcrumb":{"@id":"https:\/\/abcoffee.pt\/curso-formacao-barista\/#breadcrumb"},"inLanguage":"en-GB","potentialAction":[{"@type":"ReadAction","target":["https:\/\/abcoffee.pt\/curso-formacao-barista\/"]}]},{"@type":"BreadcrumbList","@id":"https:\/\/abcoffee.pt\/curso-formacao-barista\/#breadcrumb","itemListElement":[{"@type":"ListItem","position":1,"name":"Home","item":"https:\/\/abcoffee.pt\/"},{"@type":"ListItem","position":2,"name":"Curso Profissional de Barista | abcoffee \u00b7 Escola de Caf\u00e9"}]},{"@type":"WebSite","@id":"https:\/\/abcoffee.pt\/#website","url":"https:\/\/abcoffee.pt\/","name":"abcoffee","description":"Escola de Caf\u00e9","publisher":{"@id":"https:\/\/abcoffee.pt\/#organization"},"potentialAction":[{"@type":"SearchAction","target":{"@type":"EntryPoint","urlTemplate":"https:\/\/abcoffee.pt\/?s={search_term_string}"},"query-input":"required name=search_term_string"}],"inLanguage":"en-GB"},{"@type":"Organization","@id":"https:\/\/abcoffee.pt\/#organization","name":"abcoffee","url":"https:\/\/abcoffee.pt\/","logo":{"@type":"ImageObject","inLanguage":"en-GB","@id":"https:\/\/abcoffee.pt\/#\/schema\/logo\/image\/","url":"https:\/\/abcoffee.pt\/wp-content\/uploads\/2018\/07\/abcoffee_LOGO_Color.svg","contentUrl":"https:\/\/abcoffee.pt\/wp-content\/uploads\/2018\/07\/abcoffee_LOGO_Color.svg","caption":"abcoffee"},"image":{"@id":"https:\/\/abcoffee.pt\/#\/schema\/logo\/image\/"},"sameAs":["https:\/\/instagram.com\/abcoffee.school","https:\/\/www.facebook.com\/abcoffee.school"]}]}},"_links":{"self":[{"href":"https:\/\/abcoffee.pt\/en\/wp-json\/wp\/v2\/pages\/7220","targetHints":{"allow":["GET"]}}],"collection":[{"href":"https:\/\/abcoffee.pt\/en\/wp-json\/wp\/v2\/pages"}],"about":[{"href":"https:\/\/abcoffee.pt\/en\/wp-json\/wp\/v2\/types\/page"}],"author":[{"embeddable":true,"href":"https:\/\/abcoffee.pt\/en\/wp-json\/wp\/v2\/users\/1"}],"replies":[{"embeddable":true,"href":"https:\/\/abcoffee.pt\/en\/wp-json\/wp\/v2\/comments?post=7220"}],"version-history":[{"count":66,"href":"https:\/\/abcoffee.pt\/en\/wp-json\/wp\/v2\/pages\/7220\/revisions"}],"predecessor-version":[{"id":13489,"href":"https:\/\/abcoffee.pt\/en\/wp-json\/wp\/v2\/pages\/7220\/revisions\/13489"}],"wp:attachment":[{"href":"https:\/\/abcoffee.pt\/en\/wp-json\/wp\/v2\/media?parent=7220"}],"curies":[{"name":"wp","href":"https:\/\/api.w.org\/{rel}","templated":true}]}}